{"id":743,"date":"2023-06-14T08:41:20","date_gmt":"2023-06-14T08:41:20","guid":{"rendered":"https:\/\/dev.webwrithe.com\/kinky\/kinky-party-die-veranstaltung-mit-dem-fokus-auf-bdsm-2\/"},"modified":"2024-04-28T21:34:23","modified_gmt":"2024-04-28T21:34:23","slug":"kinky-party-die-veranstaltung-mit-dem-fokus-auf-bdsm","status":"publish","type":"page","link":"https:\/\/www.kinkysexinibiza.com\/es\/","title":{"rendered":"Bienvenidos a la Kinky Party &#8211; IMB &#8211; Techno &#038; Sex en Ibiza &#8211; Desata la noche en Playa d&#8217;en Boss"},"content":{"rendered":"<p>Sum\u00e9rjase en el seductor mundo de \u00abIbiza Meets Berlin\u00bb, el punto de encuentro definitivo para los amantes de lo extraordinario y la libertad sensual. A partir del 1 de abril, encenderemos el fuego de la pasi\u00f3n en Playa d&#8217;en Bossa, con eventos exclusivos que tendr\u00e1n lugar dos veces al mes.<\/p>\n<p>Nuestras kinky parties son la pieza central de \u00ab<strong>Sex in Ibiza<\/strong>\u00ab, una experiencia que redefine los l\u00edmites del deseo y te lleva a un mundo de seducci\u00f3n y \u00e9xtasis. \u00abIbiza Meets Berlin\u00bb es una mezcla explosiva de pasi\u00f3n, m\u00fasica y libertad sin l\u00edmites, inspirada en la energ\u00eda incomparable de Berl\u00edn y el encanto m\u00e1gico de Ibiza.<\/p>\n<p>Perm\u00edtase sumergirse en una noche llena de lujuria y aventura, rodeado de personas con ideas afines que celebran la vida en todas sus facetas. Nuestros DJ ponen la banda sonora perfecta con ritmos palpitantes, mientras que espectaculares actuaciones y elementos sorprendentes convierten cada fiesta en una experiencia inolvidable.<\/p>\n","protected":false},"excerpt":{"rendered":"<p>Sum\u00e9rjase en el seductor mundo de \u00abIbiza Meets Berlin\u00bb, el punto de encuentro definitivo para los amantes de lo extraordinario y la libertad sensual. A partir del 1 de abril, encenderemos el fuego de la pasi\u00f3n en Playa d&#8217;en Bossa, con eventos exclusivos que tendr\u00e1n lugar dos veces al mes. Nuestras kinky parties son la &hellip; <a href=\"https:\/\/www.kinkysexinibiza.com\/es\/\" class=\"more-link\">Continue reading<span class=\"screen-reader-text\"> \u00abBienvenidos a la Kinky Party &#8211; IMB &#8211; Techno &#038; Sex en Ibiza &#8211; Desata la noche en Playa d&#8217;en Boss\u00bb<\/span><\/a><\/p>\n","protected":false},"author":1,"featured_media":897,"parent":0,"menu_order":0,"comment_status":"closed","ping_status":"closed","template":"home.php","meta":{"_acf_changed":false,"footnotes":""},"class_list":["post-743","page","type-page","status-publish","has-post-thumbnail","hentry"],"acf":[],"aioseo_notices":[],"_links":{"self":[{"href":"https:\/\/www.kinkysexinibiza.com\/es\/wp-json\/wp\/v2\/pages\/743","targetHints":{"allow":["GET"]}}],"collection":[{"href":"https:\/\/www.kinkysexinibiza.com\/es\/wp-json\/wp\/v2\/pages"}],"about":[{"href":"https:\/\/www.kinkysexinibiza.com\/es\/wp-json\/wp\/v2\/types\/page"}],"author":[{"embeddable":true,"href":"https:\/\/www.kinkysexinibiza.com\/es\/wp-json\/wp\/v2\/users\/1"}],"replies":[{"embeddable":true,"href":"https:\/\/www.kinkysexinibiza.com\/es\/wp-json\/wp\/v2\/comments?post=743"}],"version-history":[{"count":6,"href":"https:\/\/www.kinkysexinibiza.com\/es\/wp-json\/wp\/v2\/pages\/743\/revisions"}],"predecessor-version":[{"id":855,"href":"https:\/\/www.kinkysexinibiza.com\/es\/wp-json\/wp\/v2\/pages\/743\/revisions\/855"}],"wp:featuredmedia":[{"embeddable":true,"href":"https:\/\/www.kinkysexinibiza.com\/es\/wp-json\/wp\/v2\/media\/897"}],"wp:attachment":[{"href":"https:\/\/www.kinkysexinibiza.com\/es\/wp-json\/wp\/v2\/media?parent=743"}],"curies":[{"name":"wp","href":"https:\/\/api.w.org\/{rel}","templated":true}]}}